{"id":11843,"date":"2016-06-24T11:34:58","date_gmt":"2016-06-24T11:34:58","guid":{"rendered":"http:\/\/template.cmsmasters.net\/?page_id=11843"},"modified":"2016-06-24T11:34:58","modified_gmt":"2016-06-24T11:34:58","slug":"products","status":"publish","type":"page","link":"https:\/\/les-editions-de-lhetre.com\/index.php\/products\/","title":{"rendered":"Products"},"content":{"rendered":"<div id=\"cmsmasters_row_ehplswly1q\" class=\"cmsmasters_row cmsmasters_color_scheme_default cmsmasters_row_top_default cmsmasters_row_bot_default cmsmasters_row_boxed\">\n<div class=\"cmsmasters_row_outer_parent\">\n<div class=\"cmsmasters_row_outer\">\n<div class=\"cmsmasters_row_inner\">\n<div class=\"cmsmasters_row_margin\">\n<div id=\"cmsmasters_column_veonj1iq3p\" class=\"cmsmasters_column one_first\">\n<div class=\"cmsmasters_column_inner\"><div id=\"cmsmasters_heading_118sthfcji\" class=\"cmsmasters_heading_wrap cmsmasters_heading_align_left\">\n\t<h2 class=\"cmsmasters_heading\">Narrative of the Life of Frederick Douglass<\/h2>\n<\/div><div id=\"cmsmasters_heading_s3caeq10nq\" class=\"cmsmasters_heading_wrap cmsmasters_heading_align_left\">\n\t<h4 class=\"cmsmasters_heading\">Story about Douglass&rsquo;s life as a slave and his ambition to become a free man.<\/h4>\n<\/div><div id=\"cmsmasters_button_ggtxa6nuw\" class=\"button_wrap\"><a href=\"\/default\/shop\" class=\"cmsmasters_button\"><span>SHOP NOW<\/span><\/a><\/div>\n<\/div><\/div>\n<\/div>\n<\/div>\n<\/div>\n<\/div>\n<\/div>\n<div id=\"cmsmasters_row_d1xjkkcap\" class=\"cmsmasters_row cmsmasters_color_scheme_default cmsmasters_row_top_default cmsmasters_row_bot_default cmsmasters_row_boxed\">\n<div class=\"cmsmasters_row_outer_parent\">\n<div class=\"cmsmasters_row_outer\">\n<div class=\"cmsmasters_row_inner\">\n<div class=\"cmsmasters_row_margin\">\n<div id=\"cmsmasters_column_f2zw58ohhx\" class=\"cmsmasters_column one_first\">\n<div class=\"cmsmasters_column_inner\"><div id=\"cmsmasters_heading_0uj6conrsw\" class=\"cmsmasters_heading_wrap cmsmasters_heading_align_center\">\n\t<h2 class=\"cmsmasters_heading\">Categories<\/h2>\n<\/div><div id=\"cmsmasters_heading_4o9fy0u2sq\" class=\"cmsmasters_heading_wrap cmsmasters_heading_align_center\">\n\t<h4 class=\"cmsmasters_heading\">Discover new books<\/h4>\n<\/div><div class=\"cmsmasters_tabs tabs_mode_tab\">\n<ul class=\"cmsmasters_tabs_list\">\n<li id=\"cmsmasters_tabs_list_item_x2xdl25c4h\" class=\"cmsmasters_tabs_list_item current_tab\">\n<a href=\"#\">\n<span>Design<\/span>\n<\/a>\n<\/li><li id=\"cmsmasters_tabs_list_item_zjk137sw1\" class=\"cmsmasters_tabs_list_item\">\n<a href=\"#\">\n<span>Fantasy<\/span>\n<\/a>\n<\/li><li id=\"cmsmasters_tabs_list_item_w38h8p72cv\" class=\"cmsmasters_tabs_list_item\">\n<a href=\"#\">\n<span>Cooking<\/span>\n<\/a>\n<\/li><li id=\"cmsmasters_tabs_list_item_cl7312a28d\" class=\"cmsmasters_tabs_list_item\">\n<a href=\"#\">\n<span>Lifestyle<\/span>\n<\/a>\n<\/li><li id=\"cmsmasters_tabs_list_item_y87ugfdug\" class=\"cmsmasters_tabs_list_item\">\n<a href=\"#\">\n<span>Romance<\/span>\n<\/a>\n<\/li><\/ul>\n<div class=\"cmsmasters_tabs_wrap\">\n<div id=\"cmsmasters_tab_x2xdl25c4h\" class=\"cmsmasters_tab active_tab\">\n<div class=\"cmsmasters_tab_inner\">\n<div class=\"cmsmasters_selected_products_shortcode\"><div class=\"woocommerce columns-4 \"><\/div><\/div>\n<\/div>\n<\/div><div id=\"cmsmasters_tab_zjk137sw1\" class=\"cmsmasters_tab\">\n<div class=\"cmsmasters_tab_inner\">\n<div class=\"cmsmasters_selected_products_shortcode\"><div class=\"woocommerce columns-4 \"><\/div><\/div>\n<\/div>\n<\/div><div id=\"cmsmasters_tab_w38h8p72cv\" class=\"cmsmasters_tab\">\n<div class=\"cmsmasters_tab_inner\">\n<div class=\"cmsmasters_selected_products_shortcode\"><div class=\"woocommerce columns-4 \"><\/div><\/div>\n<\/div>\n<\/div><div id=\"cmsmasters_tab_cl7312a28d\" class=\"cmsmasters_tab\">\n<div class=\"cmsmasters_tab_inner\">\n<div class=\"cmsmasters_selected_products_shortcode\"><div class=\"woocommerce columns-4 \"><\/div><\/div>\n<\/div>\n<\/div><div id=\"cmsmasters_tab_y87ugfdug\" class=\"cmsmasters_tab\">\n<div class=\"cmsmasters_tab_inner\">\n<div class=\"cmsmasters_selected_products_shortcode\"><div class=\"woocommerce columns-4 \"><\/div><\/div>\n<\/div>\n<\/div><\/div>\n<\/div>\n<\/div><\/div>\n<\/div>\n<\/div>\n<\/div>\n<\/div>\n<\/div>\n<div id=\"cmsmasters_row_m19kz9407\" class=\"cmsmasters_row cmsmasters_color_scheme_default cmsmasters_row_top_default cmsmasters_row_bot_default cmsmasters_row_boxed\">\n<div class=\"cmsmasters_row_outer_parent\">\n<div class=\"cmsmasters_row_outer\">\n<div class=\"cmsmasters_row_inner\">\n<div class=\"cmsmasters_row_margin\">\n<div id=\"cmsmasters_column_w0ntb4cwga\" class=\"cmsmasters_column one_first\">\n<div class=\"cmsmasters_column_inner\"><div id=\"cmsmasters_heading_335zd1efb\" class=\"cmsmasters_heading_wrap cmsmasters_heading_align_left\">\n\t<h2 class=\"cmsmasters_heading\">Harvy Rickets Detective Collection<\/h2>\n<\/div><div id=\"cmsmasters_heading_ggmp1rdn\" class=\"cmsmasters_heading_wrap cmsmasters_heading_align_left\">\n\t<h4 class=\"cmsmasters_heading\">Featuring the first three Novellas in the series this is perfect for lovers of Detectives.<\/h4>\n<\/div><div id=\"cmsmasters_button_1tmwdpw3ck\" class=\"button_wrap\"><a href=\"\/default\/about-us\" class=\"cmsmasters_button\"><span>LEARN MORE<\/span><\/a><\/div>\n<\/div><\/div>\n<\/div>\n<\/div>\n<\/div>\n<\/div>\n<\/div>\n<div id=\"cmsmasters_row_r8pgmkouhq\" class=\"cmsmasters_row cmsmasters_color_scheme_default cmsmasters_row_top_default cmsmasters_row_bot_default cmsmasters_row_boxed\">\n<div class=\"cmsmasters_row_outer_parent\">\n<div class=\"cmsmasters_row_outer\">\n<div class=\"cmsmasters_row_inner\">\n<div class=\"cmsmasters_row_margin\">\n<div id=\"cmsmasters_column_1tw508lq6p\" class=\"cmsmasters_column one_first\">\n<div class=\"cmsmasters_column_inner\"><div id=\"cmsmasters_heading_y7qpwwjsfn\" class=\"cmsmasters_heading_wrap cmsmasters_heading_align_center\">\n\t<h2 class=\"cmsmasters_heading\">Award Winners<\/h2>\n<\/div><div id=\"cmsmasters_heading_nc4nq1smsf\" class=\"cmsmasters_heading_wrap cmsmasters_heading_align_center\">\n\t<h4 class=\"cmsmasters_heading\">Meet Our Authors<\/h4>\n<\/div><div class=\"cmsmasters_text\">\n<p><\/p>\n<\/div>\n<div class=\"cmsmasters_selected_products_shortcode\"><div class=\"woocommerce columns-4 \"><\/div><\/div>\n<\/div><\/div>\n<\/div>\n<\/div>\n<\/div>\n<\/div>\n<\/div>\n<div id=\"cmsmasters_row_q16tgrifb\" class=\"cmsmasters_row cmsmasters_color_scheme_second cmsmasters_row_top_default cmsmasters_row_bot_default cmsmasters_row_boxed\">\n<div class=\"cmsmasters_row_outer_parent\">\n<div class=\"cmsmasters_row_outer\">\n<div class=\"cmsmasters_row_inner cmsmasters_row_no_margin\">\n<div class=\"cmsmasters_row_margin cmsmasters_row_columns_behavior\">\n<div id=\"cmsmasters_column_e2fi90bg1r\" class=\"cmsmasters_column one_half\">\n<div class=\"cmsmasters_column_inner\"><div id=\"cmsmasters_heading_uv8e0bkffh\" class=\"cmsmasters_heading_wrap cmsmasters_heading_align_left\">\n\t<h2 class=\"cmsmasters_heading\">Weekly Newsletter<\/h2>\n<\/div>\n<\/div><\/div>\n<div id=\"cmsmasters_column_2pfna2ujz\" class=\"cmsmasters_column one_half\">\n<div class=\"cmsmasters_column_inner\">\n<p><\/p>\n<\/div><\/div>\n<\/div>\n<\/div>\n<\/div>\n<\/div>\n<\/div>\n<div id=\"cmsmasters_row_mi07bypoja\" class=\"cmsmasters_row cmsmasters_color_scheme_default cmsmasters_row_top_default cmsmasters_row_bot_default cmsmasters_row_boxed\">\n<div class=\"cmsmasters_row_outer_parent\">\n<div class=\"cmsmasters_row_outer\">\n<div class=\"cmsmasters_row_inner\">\n<div class=\"cmsmasters_row_margin\">\n<div id=\"cmsmasters_column_5fnplevw6b\" class=\"cmsmasters_column one_fourth\">\n<div class=\"cmsmasters_column_inner\"><div id=\"cmsmasters_heading_71xdgkuyca\" class=\"cmsmasters_heading_wrap cmsmasters_heading_align_left\">\n\t<h5 class=\"cmsmasters_heading\">1418 River Drive, Suite 35 Cottonhall, CA 9622 United States<\/h5>\n<\/div>\n<\/div><\/div>\n<div id=\"cmsmasters_column_nmx0xtvn1q\" class=\"cmsmasters_column one_fourth\">\n<div class=\"cmsmasters_column_inner\"><div id=\"cmsmasters_heading_ahj7lk0sl\" class=\"cmsmasters_heading_wrap cmsmasters_heading_align_left\">\n\t<h5 class=\"cmsmasters_heading\">+1 530 347 4607<\/h5>\n<\/div><div id=\"cmsmasters_heading_6khpgspd8e\" class=\"cmsmasters_heading_wrap cmsmasters_heading_align_left\">\n\t<h5 class=\"cmsmasters_heading\"><a href=\"http:\/\/@\">printpress@example.net<\/a><\/h5>\n<\/div>\n<\/div><\/div>\n<div id=\"cmsmasters_column_rx041cie19\" class=\"cmsmasters_column one_fourth\">\n<div class=\"cmsmasters_column_inner\"><\/div><\/div>\n<div id=\"cmsmasters_column_6t7zpzfqg\" class=\"cmsmasters_column one_fourth\">\n<div class=\"cmsmasters_column_inner\"><div class=\"aligncenter\"><div class=\"cmsmasters_image_yh1bzqqnya cmsmasters_img  cmsmasters_image_c\"><img src=\"https:\/\/les-editions-de-lhetre.com\/wp-content\/uploads\/2018\/11\/logo.png\" \/><\/div><\/div>\n<\/div><\/div>\n<\/div>\n<\/div>\n<\/div>\n<\/div>\n<\/div>\n\n","protected":false},"excerpt":{"rendered":"","protected":false},"author":1,"featured_media":0,"parent":0,"menu_order":0,"comment_status":"closed","ping_status":"closed","template":"","meta":{"_price":"","_stock":"","_tribe_ticket_header":"","_tribe_default_ticket_provider":"","_tribe_ticket_capacity":"0","_ticket_start_date":"","_ticket_end_date":"","_tribe_ticket_show_description":"","_tribe_ticket_show_not_going":false,"_tribe_ticket_use_global_stock":"","_tribe_ticket_global_stock_level":"","_global_stock_mode":"","_global_stock_cap":"","_tribe_rsvp_for_event":"","_tribe_ticket_going_count":"","_tribe_ticket_not_going_count":"","_tribe_tickets_list":[],"_tribe_ticket_has_attendee_info_fields":false},"yoast_head":"<!-- This site is optimized with the Yoast SEO plugin v20.7 - https:\/\/yoast.com\/wordpress\/plugins\/seo\/ -->\n<title>Products - les \u00e9ditions de l&#039;h\u00eatre<\/title>\n<meta name=\"robots\" content=\"index, follow, max-snippet:-1, max-image-preview:large, max-video-preview:-1\" \/>\n<link rel=\"canonical\" href=\"https:\/\/les-editions-de-lhetre.com\/index.php\/products\/\" \/>\n<meta property=\"og:locale\" content=\"fr_FR\" \/>\n<meta property=\"og:type\" content=\"article\" \/>\n<meta property=\"og:title\" content=\"Products - les \u00e9ditions de l&#039;h\u00eatre\" \/>\n<meta property=\"og:url\" content=\"https:\/\/les-editions-de-lhetre.com\/index.php\/products\/\" \/>\n<meta property=\"og:site_name\" content=\"les \u00e9ditions de l&#039;h\u00eatre\" \/>\n<meta name=\"twitter:card\" content=\"summary_large_image\" \/>\n<meta name=\"twitter:label1\" content=\"Dur\u00e9e de lecture estim\u00e9e\" \/>\n\t<meta name=\"twitter:data1\" content=\"6 minutes\" \/>\n<script type=\"application\/ld+json\" class=\"yoast-schema-graph\">{\"@context\":\"https:\/\/schema.org\",\"@graph\":[{\"@type\":\"WebPage\",\"@id\":\"https:\/\/les-editions-de-lhetre.com\/index.php\/products\/\",\"url\":\"https:\/\/les-editions-de-lhetre.com\/index.php\/products\/\",\"name\":\"Products - les \u00e9ditions de l&#039;h\u00eatre\",\"isPartOf\":{\"@id\":\"https:\/\/les-editions-de-lhetre.com\/#website\"},\"datePublished\":\"2016-06-24T11:34:58+00:00\",\"dateModified\":\"2016-06-24T11:34:58+00:00\",\"breadcrumb\":{\"@id\":\"https:\/\/les-editions-de-lhetre.com\/index.php\/products\/#breadcrumb\"},\"inLanguage\":\"fr-FR\",\"potentialAction\":[{\"@type\":\"ReadAction\",\"target\":[\"https:\/\/les-editions-de-lhetre.com\/index.php\/products\/\"]}]},{\"@type\":\"BreadcrumbList\",\"@id\":\"https:\/\/les-editions-de-lhetre.com\/index.php\/products\/#breadcrumb\",\"itemListElement\":[{\"@type\":\"ListItem\",\"position\":1,\"name\":\"Home\",\"item\":\"https:\/\/les-editions-de-lhetre.com\/\"},{\"@type\":\"ListItem\",\"position\":2,\"name\":\"Products\"}]},{\"@type\":\"WebSite\",\"@id\":\"https:\/\/les-editions-de-lhetre.com\/#website\",\"url\":\"https:\/\/les-editions-de-lhetre.com\/\",\"name\":\"les \u00e9ditions de l&#039;h\u00eatre\",\"description\":\"Maison d&#039;\u00e9dition associative\",\"potentialAction\":[{\"@type\":\"SearchAction\",\"target\":{\"@type\":\"EntryPoint\",\"urlTemplate\":\"https:\/\/les-editions-de-lhetre.com\/?s={search_term_string}\"},\"query-input\":\"required name=search_term_string\"}],\"inLanguage\":\"fr-FR\"}]}<\/script>\n<!-- \/ Yoast SEO plugin. -->","yoast_head_json":{"title":"Products - les \u00e9ditions de l&#039;h\u00eatre","robots":{"index":"index","follow":"follow","max-snippet":"max-snippet:-1","max-image-preview":"max-image-preview:large","max-video-preview":"max-video-preview:-1"},"canonical":"https:\/\/les-editions-de-lhetre.com\/index.php\/products\/","og_locale":"fr_FR","og_type":"article","og_title":"Products - les \u00e9ditions de l&#039;h\u00eatre","og_url":"https:\/\/les-editions-de-lhetre.com\/index.php\/products\/","og_site_name":"les \u00e9ditions de l&#039;h\u00eatre","twitter_card":"summary_large_image","twitter_misc":{"Dur\u00e9e de lecture estim\u00e9e":"6 minutes"},"schema":{"@context":"https:\/\/schema.org","@graph":[{"@type":"WebPage","@id":"https:\/\/les-editions-de-lhetre.com\/index.php\/products\/","url":"https:\/\/les-editions-de-lhetre.com\/index.php\/products\/","name":"Products - les \u00e9ditions de l&#039;h\u00eatre","isPartOf":{"@id":"https:\/\/les-editions-de-lhetre.com\/#website"},"datePublished":"2016-06-24T11:34:58+00:00","dateModified":"2016-06-24T11:34:58+00:00","breadcrumb":{"@id":"https:\/\/les-editions-de-lhetre.com\/index.php\/products\/#breadcrumb"},"inLanguage":"fr-FR","potentialAction":[{"@type":"ReadAction","target":["https:\/\/les-editions-de-lhetre.com\/index.php\/products\/"]}]},{"@type":"BreadcrumbList","@id":"https:\/\/les-editions-de-lhetre.com\/index.php\/products\/#breadcrumb","itemListElement":[{"@type":"ListItem","position":1,"name":"Home","item":"https:\/\/les-editions-de-lhetre.com\/"},{"@type":"ListItem","position":2,"name":"Products"}]},{"@type":"WebSite","@id":"https:\/\/les-editions-de-lhetre.com\/#website","url":"https:\/\/les-editions-de-lhetre.com\/","name":"les \u00e9ditions de l&#039;h\u00eatre","description":"Maison d&#039;\u00e9dition associative","potentialAction":[{"@type":"SearchAction","target":{"@type":"EntryPoint","urlTemplate":"https:\/\/les-editions-de-lhetre.com\/?s={search_term_string}"},"query-input":"required name=search_term_string"}],"inLanguage":"fr-FR"}]}},"ticketed":false,"_links":{"self":[{"href":"https:\/\/les-editions-de-lhetre.com\/index.php\/wp-json\/wp\/v2\/pages\/11843"}],"collection":[{"href":"https:\/\/les-editions-de-lhetre.com\/index.php\/wp-json\/wp\/v2\/pages"}],"about":[{"href":"https:\/\/les-editions-de-lhetre.com\/index.php\/wp-json\/wp\/v2\/types\/page"}],"author":[{"embeddable":true,"href":"https:\/\/les-editions-de-lhetre.com\/index.php\/wp-json\/wp\/v2\/users\/1"}],"replies":[{"embeddable":true,"href":"https:\/\/les-editions-de-lhetre.com\/index.php\/wp-json\/wp\/v2\/comments?post=11843"}],"version-history":[{"count":0,"href":"https:\/\/les-editions-de-lhetre.com\/index.php\/wp-json\/wp\/v2\/pages\/11843\/revisions"}],"wp:attachment":[{"href":"https:\/\/les-editions-de-lhetre.com\/index.php\/wp-json\/wp\/v2\/media?parent=11843"}],"curies":[{"name":"wp","href":"https:\/\/api.w.org\/{rel}","templated":true}]}}