{"id":15473,"date":"2021-06-16T23:01:05","date_gmt":"2021-06-16T21:01:05","guid":{"rendered":"https:\/\/les-editions-de-lhetre.com\/?page_id=15473"},"modified":"2021-06-21T16:00:14","modified_gmt":"2021-06-21T14:00:14","slug":"adherer-aux-editions-de-lhetre","status":"publish","type":"page","link":"https:\/\/les-editions-de-lhetre.com\/index.php\/adherer-aux-editions-de-lhetre\/","title":{"rendered":"Adh\u00e9sion"},"content":{"rendered":"<div id=\"cmsmasters_row_plsxmoobpl\" class=\"cmsmasters_row cmsmasters_color_scheme_default cmsmasters_row_top_default cmsmasters_row_bot_default cmsmasters_row_boxed\">\n<div class=\"cmsmasters_row_outer_parent\">\n<div class=\"cmsmasters_row_outer\">\n<div class=\"cmsmasters_row_inner\">\n<div class=\"cmsmasters_row_margin\">\n<div id=\"cmsmasters_column_r5sp3m7j7i\" class=\"cmsmasters_column one_first\" data-animation=\"bounceIn\" data-delay=\"0\">\n<div class=\"cmsmasters_column_inner\"><div id=\"cmsmasters_heading_ras89qs7bm\" class=\"cmsmasters_heading_wrap cmsmasters_heading_align_center\">\n\t<h2 class=\"cmsmasters_heading\">Pourquoi adh\u00e9rer \u00e0 notre Association ?<\/h2>\n<\/div><div id=\"cmsmasters_fb_c54b0smt1d\" class=\"cmsmasters_featured_block\">\n<div class=\"featured_block_inner\">\n<div class=\"featured_block_text\">\n<p style=\"text-align: justify;\">En adh\u00e9rant \u00e0 notre Association, vous soutenez le projet d&rsquo;une petite maison d&rsquo;\u00e9ditions associative. Pour publier des ouvrages de qualit\u00e9 et r\u00e9mun\u00e9rer les auteurs et autrices \u00e0 leur juste valeur, Les \u00c9ditions de L&rsquo;H\u00eatre ont besoin de fonds. Par ailleurs, en devenant adh\u00e9rent, vous b\u00e9n\u00e9ficiez de tarifs pr\u00e9f\u00e9rentiels sur nos <a href=\"https:\/\/les-editions-de-lhetre.com\/index.php\/actualite\/\" target=\"_blank\" rel=\"noopener\">\u00e9v\u00e9nements<\/a> et pouvez, si vous le souhaitez, vous impliquer dans notre projet.<\/p>\n\n<\/div>\n<\/div>\n<\/div>\n<\/div><\/div>\n<\/div>\n<\/div>\n<\/div>\n<\/div>\n<\/div>\n<div id=\"cmsmasters_row_7lohak8eho\" class=\"cmsmasters_row cmsmasters_color_scheme_default cmsmasters_row_top_default cmsmasters_row_bot_default cmsmasters_row_boxed\">\n<div class=\"cmsmasters_row_outer_parent\">\n<div class=\"cmsmasters_row_outer\">\n<div class=\"cmsmasters_row_inner\">\n<div class=\"cmsmasters_row_margin\">\n<div id=\"cmsmasters_column_dao8kfge78\" class=\"cmsmasters_column one_first\" data-animation=\"bounceIn\" data-delay=\"0\">\n<div class=\"cmsmasters_column_inner\"><div id=\"cmsmasters_heading_73x2irx6ob\" class=\"cmsmasters_heading_wrap cmsmasters_heading_align_center\">\n\t<h2 class=\"cmsmasters_heading\">Comment adh\u00e9rer aux \u00c9ditions de l&rsquo;H\u00eatre ?<\/h2>\n<\/div><div id=\"cmsmasters_fb_fxvm8j71vn\" class=\"cmsmasters_featured_block\">\n<div class=\"featured_block_inner\">\n<div class=\"featured_block_text\">\n<p style=\"text-align: justify;\">Pour adh\u00e9rer, rendez-vous sur notre <a href=\"https:\/\/les-editions-de-lhetre.com\/index.php\/boutique-editions-de-lhetre\/\" target=\"_blank\" rel=\"noopener\">boutique<\/a> en ligne. Vous pouvez \u00e9galement faire votre demande d&rsquo;adh\u00e9sion via notre <a href=\"https:\/\/les-editions-de-lhetre.com\/index.php\/contacts\/\" target=\"_blank\" rel=\"noopener\">formulaire de contact<\/a> ou directement aupr\u00e8s de notre \u00e9quipe lors d&rsquo;un de nos \u00e9v\u00e9nements. Nous vous adresserons un formulaire d&rsquo;adh\u00e9sion par retour.<\/p>\n<p style=\"text-align: justify;\">L&rsquo;adh\u00e9sion aux \u00c9ditions de l&rsquo;H\u00eatre est de 20 \u20ac l&rsquo;ann\u00e9e.<\/p>\n<p style=\"text-align: left;\">Si notre projet vous pla\u00eet, si vous voulez soutenir la litt\u00e9rature, l&rsquo;\u00e9criture et la culture, vous pouvez \u00e9galement choisir de nous faire un don sous les m\u00eames modalit\u00e9s.<\/p>\n<p style=\"text-align: justify;\">Enfin, nous recherchons des lieux pour nous accueillir, notre Association et nos \u00e9v\u00e9nements. La mise \u00e0 disposition d&rsquo;un lieu, qu&rsquo;il soit priv\u00e9 ou public, pour \u00a0nos ateliers, nos stages ou tout autre \u00e9v\u00e9nement des \u00c9ditions de l&rsquo;H\u00eatre, est un soutien inestimable.<\/p>\n\n<\/div>\n<\/div>\n<\/div>\n<\/div><\/div>\n<\/div>\n<\/div>\n<\/div>\n<\/div>\n<\/div>\n\n","protected":false},"excerpt":{"rendered":"","protected":false},"author":1,"featured_media":0,"parent":0,"menu_order":0,"comment_status":"closed","ping_status":"closed","template":"","meta":{"_price":"","_stock":"","_tribe_ticket_header":"","_tribe_default_ticket_provider":"","_tribe_ticket_capacity":"0","_ticket_start_date":"","_ticket_end_date":"","_tribe_ticket_show_description":"","_tribe_ticket_show_not_going":false,"_tribe_ticket_use_global_stock":"","_tribe_ticket_global_stock_level":"","_global_stock_mode":"","_global_stock_cap":"","_tribe_rsvp_for_event":"","_tribe_ticket_going_count":"","_tribe_ticket_not_going_count":"","_tribe_tickets_list":[],"_tribe_ticket_has_attendee_info_fields":false},"yoast_head":"<!-- This site is optimized with the Yoast SEO plugin v20.7 - https:\/\/yoast.com\/wordpress\/plugins\/seo\/ -->\n<title>Adh\u00e9sion - les \u00e9ditions de l&#039;h\u00eatre<\/title>\n<meta name=\"description\" content=\"Pour soutenir la litt\u00e9rature, la promotion de la lecture et de l&#039;\u00e9criture, il vous suffit d&#039;adh\u00e9rer \u00e0 notre maison d&#039;\u00e9ditions associative\" \/>\n<meta name=\"robots\" content=\"index, follow, max-snippet:-1, max-image-preview:large, max-video-preview:-1\" \/>\n<link rel=\"canonical\" href=\"https:\/\/les-editions-de-lhetre.com\/index.php\/adherer-aux-editions-de-lhetre\/\" \/>\n<meta property=\"og:locale\" content=\"fr_FR\" \/>\n<meta property=\"og:type\" content=\"article\" \/>\n<meta property=\"og:title\" content=\"Adh\u00e9sion - les \u00e9ditions de l&#039;h\u00eatre\" \/>\n<meta property=\"og:description\" content=\"Pour soutenir la litt\u00e9rature, la promotion de la lecture et de l&#039;\u00e9criture, il vous suffit d&#039;adh\u00e9rer \u00e0 notre maison d&#039;\u00e9ditions associative\" \/>\n<meta property=\"og:url\" content=\"https:\/\/les-editions-de-lhetre.com\/index.php\/adherer-aux-editions-de-lhetre\/\" \/>\n<meta property=\"og:site_name\" content=\"les \u00e9ditions de l&#039;h\u00eatre\" \/>\n<meta property=\"article:modified_time\" content=\"2021-06-21T14:00:14+00:00\" \/>\n<meta name=\"twitter:card\" content=\"summary_large_image\" \/>\n<meta name=\"twitter:label1\" content=\"Dur\u00e9e de lecture estim\u00e9e\" \/>\n\t<meta name=\"twitter:data1\" content=\"2 minutes\" \/>\n<script type=\"application\/ld+json\" class=\"yoast-schema-graph\">{\"@context\":\"https:\/\/schema.org\",\"@graph\":[{\"@type\":\"WebPage\",\"@id\":\"https:\/\/les-editions-de-lhetre.com\/index.php\/adherer-aux-editions-de-lhetre\/\",\"url\":\"https:\/\/les-editions-de-lhetre.com\/index.php\/adherer-aux-editions-de-lhetre\/\",\"name\":\"Adh\u00e9sion - les \u00e9ditions de l&#039;h\u00eatre\",\"isPartOf\":{\"@id\":\"https:\/\/les-editions-de-lhetre.com\/#website\"},\"datePublished\":\"2021-06-16T21:01:05+00:00\",\"dateModified\":\"2021-06-21T14:00:14+00:00\",\"description\":\"Pour soutenir la litt\u00e9rature, la promotion de la lecture et de l'\u00e9criture, il vous suffit d'adh\u00e9rer \u00e0 notre maison d'\u00e9ditions associative\",\"breadcrumb\":{\"@id\":\"https:\/\/les-editions-de-lhetre.com\/index.php\/adherer-aux-editions-de-lhetre\/#breadcrumb\"},\"inLanguage\":\"fr-FR\",\"potentialAction\":[{\"@type\":\"ReadAction\",\"target\":[\"https:\/\/les-editions-de-lhetre.com\/index.php\/adherer-aux-editions-de-lhetre\/\"]}]},{\"@type\":\"BreadcrumbList\",\"@id\":\"https:\/\/les-editions-de-lhetre.com\/index.php\/adherer-aux-editions-de-lhetre\/#breadcrumb\",\"itemListElement\":[{\"@type\":\"ListItem\",\"position\":1,\"name\":\"Home\",\"item\":\"https:\/\/les-editions-de-lhetre.com\/\"},{\"@type\":\"ListItem\",\"position\":2,\"name\":\"Adh\u00e9sion\"}]},{\"@type\":\"WebSite\",\"@id\":\"https:\/\/les-editions-de-lhetre.com\/#website\",\"url\":\"https:\/\/les-editions-de-lhetre.com\/\",\"name\":\"les \u00e9ditions de l&#039;h\u00eatre\",\"description\":\"Maison d&#039;\u00e9dition associative\",\"potentialAction\":[{\"@type\":\"SearchAction\",\"target\":{\"@type\":\"EntryPoint\",\"urlTemplate\":\"https:\/\/les-editions-de-lhetre.com\/?s={search_term_string}\"},\"query-input\":\"required name=search_term_string\"}],\"inLanguage\":\"fr-FR\"}]}<\/script>\n<!-- \/ Yoast SEO plugin. -->","yoast_head_json":{"title":"Adh\u00e9sion - les \u00e9ditions de l&#039;h\u00eatre","description":"Pour soutenir la litt\u00e9rature, la promotion de la lecture et de l'\u00e9criture, il vous suffit d'adh\u00e9rer \u00e0 notre maison d'\u00e9ditions associative","robots":{"index":"index","follow":"follow","max-snippet":"max-snippet:-1","max-image-preview":"max-image-preview:large","max-video-preview":"max-video-preview:-1"},"canonical":"https:\/\/les-editions-de-lhetre.com\/index.php\/adherer-aux-editions-de-lhetre\/","og_locale":"fr_FR","og_type":"article","og_title":"Adh\u00e9sion - les \u00e9ditions de l&#039;h\u00eatre","og_description":"Pour soutenir la litt\u00e9rature, la promotion de la lecture et de l'\u00e9criture, il vous suffit d'adh\u00e9rer \u00e0 notre maison d'\u00e9ditions associative","og_url":"https:\/\/les-editions-de-lhetre.com\/index.php\/adherer-aux-editions-de-lhetre\/","og_site_name":"les \u00e9ditions de l&#039;h\u00eatre","article_modified_time":"2021-06-21T14:00:14+00:00","twitter_card":"summary_large_image","twitter_misc":{"Dur\u00e9e de lecture estim\u00e9e":"2 minutes"},"schema":{"@context":"https:\/\/schema.org","@graph":[{"@type":"WebPage","@id":"https:\/\/les-editions-de-lhetre.com\/index.php\/adherer-aux-editions-de-lhetre\/","url":"https:\/\/les-editions-de-lhetre.com\/index.php\/adherer-aux-editions-de-lhetre\/","name":"Adh\u00e9sion - les \u00e9ditions de l&#039;h\u00eatre","isPartOf":{"@id":"https:\/\/les-editions-de-lhetre.com\/#website"},"datePublished":"2021-06-16T21:01:05+00:00","dateModified":"2021-06-21T14:00:14+00:00","description":"Pour soutenir la litt\u00e9rature, la promotion de la lecture et de l'\u00e9criture, il vous suffit d'adh\u00e9rer \u00e0 notre maison d'\u00e9ditions associative","breadcrumb":{"@id":"https:\/\/les-editions-de-lhetre.com\/index.php\/adherer-aux-editions-de-lhetre\/#breadcrumb"},"inLanguage":"fr-FR","potentialAction":[{"@type":"ReadAction","target":["https:\/\/les-editions-de-lhetre.com\/index.php\/adherer-aux-editions-de-lhetre\/"]}]},{"@type":"BreadcrumbList","@id":"https:\/\/les-editions-de-lhetre.com\/index.php\/adherer-aux-editions-de-lhetre\/#breadcrumb","itemListElement":[{"@type":"ListItem","position":1,"name":"Home","item":"https:\/\/les-editions-de-lhetre.com\/"},{"@type":"ListItem","position":2,"name":"Adh\u00e9sion"}]},{"@type":"WebSite","@id":"https:\/\/les-editions-de-lhetre.com\/#website","url":"https:\/\/les-editions-de-lhetre.com\/","name":"les \u00e9ditions de l&#039;h\u00eatre","description":"Maison d&#039;\u00e9dition associative","potentialAction":[{"@type":"SearchAction","target":{"@type":"EntryPoint","urlTemplate":"https:\/\/les-editions-de-lhetre.com\/?s={search_term_string}"},"query-input":"required name=search_term_string"}],"inLanguage":"fr-FR"}]}},"ticketed":false,"_links":{"self":[{"href":"https:\/\/les-editions-de-lhetre.com\/index.php\/wp-json\/wp\/v2\/pages\/15473"}],"collection":[{"href":"https:\/\/les-editions-de-lhetre.com\/index.php\/wp-json\/wp\/v2\/pages"}],"about":[{"href":"https:\/\/les-editions-de-lhetre.com\/index.php\/wp-json\/wp\/v2\/types\/page"}],"author":[{"embeddable":true,"href":"https:\/\/les-editions-de-lhetre.com\/index.php\/wp-json\/wp\/v2\/users\/1"}],"replies":[{"embeddable":true,"href":"https:\/\/les-editions-de-lhetre.com\/index.php\/wp-json\/wp\/v2\/comments?post=15473"}],"version-history":[{"count":13,"href":"https:\/\/les-editions-de-lhetre.com\/index.php\/wp-json\/wp\/v2\/pages\/15473\/revisions"}],"predecessor-version":[{"id":15523,"href":"https:\/\/les-editions-de-lhetre.com\/index.php\/wp-json\/wp\/v2\/pages\/15473\/revisions\/15523"}],"wp:attachment":[{"href":"https:\/\/les-editions-de-lhetre.com\/index.php\/wp-json\/wp\/v2\/media?parent=15473"}],"curies":[{"name":"wp","href":"https:\/\/api.w.org\/{rel}","templated":true}]}}