{"id":15496,"date":"2021-06-19T17:22:24","date_gmt":"2021-06-19T15:22:24","guid":{"rendered":"https:\/\/les-editions-de-lhetre.com\/?post_type=product&#038;p=15496"},"modified":"2025-05-25T04:41:09","modified_gmt":"2025-05-25T02:41:09","slug":"adhesion-annuelle","status":"publish","type":"product","link":"https:\/\/les-editions-de-lhetre.com\/index.php\/product\/adhesion-annuelle\/","title":{"rendered":"Adh\u00e9sion Annuelle"},"content":{"rendered":"<p style=\"text-align: justify;\">Adh\u00e9sion annuelle aux \u00c9ditions de l&rsquo;H\u00eatre, maison d&rsquo;\u00e9ditions associative et cr\u00e9atrice d&rsquo;\u00e9v\u00e9nements autour de la lecture, l&rsquo;\u00e9criture et les arts.<\/p>\n<p style=\"text-align: justify;\">En adh\u00e9rant \u00e0 notre maison d&rsquo;\u00e9ditions, vous soutenez notre projet et b\u00e9n\u00e9ficiez d&rsquo;avantages : r\u00e9duction sur les ateliers, les stages et toutes nos manifestations. Vous \u00eates inform\u00e9(e)s en priorit\u00e9 et pouvez, si vous le souhaitez, participer en devenant membre actif et\/ou en rejoignant notre comit\u00e9 de lecture.<\/p>\n<p>\u00c0 r\u00e9ception de votre r\u00e8glement, nous vous adresserons votre bulletin d&rsquo;adh\u00e9rent accompagn\u00e9 de votre re\u00e7u.<\/p>\n","protected":false},"excerpt":{"rendered":"<p>L&rsquo;adh\u00e9sion aux \u00c9ditions de l&rsquo;H\u00eatre, c&rsquo;est le soutien dont nous avons besoin pour nous lancer pleinement dans notre projet de maison d&rsquo;\u00e9ditions associative.<\/p>\n","protected":false},"featured_media":15498,"comment_status":"open","ping_status":"closed","template":"","meta":{"_price":"20","_stock":null,"_tribe_ticket_header":"","_tribe_default_ticket_provider":"","_tribe_ticket_capacity":"1","_ticket_start_date":"","_ticket_end_date":"","_tribe_ticket_show_description":"","_tribe_ticket_show_not_going":false,"_tribe_ticket_use_global_stock":"","_tribe_ticket_global_stock_level":"","_global_stock_mode":"","_global_stock_cap":"","_tribe_rsvp_for_event":"","_tribe_ticket_going_count":"","_tribe_ticket_not_going_count":"","_tribe_tickets_list":[],"_tribe_ticket_has_attendee_info_fields":false},"product_cat":[150],"product_tag":[],"yoast_head":"<!-- This site is optimized with the Yoast SEO plugin v20.7 - https:\/\/yoast.com\/wordpress\/plugins\/seo\/ -->\n<title>Adh\u00e9sion Annuelle - les \u00e9ditions de l&#039;h\u00eatre<\/title>\n<meta name=\"description\" content=\"Adh\u00e9sion annuelle \u00e0 la maison d&#039;\u00e9ditions associative Les \u00c9ditions de l&#039;H\u00eatre, pour nous soutenir et profiter d&#039;avantages adh\u00e9rents\" \/>\n<meta name=\"robots\" content=\"index, follow, max-snippet:-1, max-image-preview:large, max-video-preview:-1\" \/>\n<link rel=\"canonical\" href=\"https:\/\/les-editions-de-lhetre.com\/index.php\/product\/adhesion-annuelle\/\" \/>\n<meta property=\"og:locale\" content=\"fr_FR\" \/>\n<meta property=\"og:type\" content=\"article\" \/>\n<meta property=\"og:title\" content=\"Adh\u00e9sion Annuelle - les \u00e9ditions de l&#039;h\u00eatre\" \/>\n<meta property=\"og:description\" content=\"Adh\u00e9sion annuelle \u00e0 la maison d&#039;\u00e9ditions associative Les \u00c9ditions de l&#039;H\u00eatre, pour nous soutenir et profiter d&#039;avantages adh\u00e9rents\" \/>\n<meta property=\"og:url\" content=\"https:\/\/les-editions-de-lhetre.com\/index.php\/product\/adhesion-annuelle\/\" \/>\n<meta property=\"og:site_name\" content=\"les \u00e9ditions de l&#039;h\u00eatre\" \/>\n<meta property=\"article:modified_time\" content=\"2025-05-25T02:41:09+00:00\" \/>\n<meta property=\"og:image\" content=\"https:\/\/les-editions-de-lhetre.com\/wp-content\/uploads\/2021\/06\/adhesion_image.png\" \/>\n\t<meta property=\"og:image:width\" content=\"600\" \/>\n\t<meta property=\"og:image:height\" content=\"600\" \/>\n\t<meta property=\"og:image:type\" content=\"image\/png\" \/>\n<meta name=\"twitter:card\" content=\"summary_large_image\" \/>\n<meta name=\"twitter:label1\" content=\"Dur\u00e9e de lecture estim\u00e9e\" \/>\n\t<meta name=\"twitter:data1\" content=\"1 minute\" \/>\n<script type=\"application\/ld+json\" class=\"yoast-schema-graph\">{\"@context\":\"https:\/\/schema.org\",\"@graph\":[{\"@type\":\"WebPage\",\"@id\":\"https:\/\/les-editions-de-lhetre.com\/index.php\/product\/adhesion-annuelle\/\",\"url\":\"https:\/\/les-editions-de-lhetre.com\/index.php\/product\/adhesion-annuelle\/\",\"name\":\"Adh\u00e9sion Annuelle - les \u00e9ditions de l&#039;h\u00eatre\",\"isPartOf\":{\"@id\":\"https:\/\/les-editions-de-lhetre.com\/#website\"},\"datePublished\":\"2021-06-19T15:22:24+00:00\",\"dateModified\":\"2025-05-25T02:41:09+00:00\",\"description\":\"Adh\u00e9sion annuelle \u00e0 la maison d'\u00e9ditions associative Les \u00c9ditions de l'H\u00eatre, pour nous soutenir et profiter d'avantages adh\u00e9rents\",\"breadcrumb\":{\"@id\":\"https:\/\/les-editions-de-lhetre.com\/index.php\/product\/adhesion-annuelle\/#breadcrumb\"},\"inLanguage\":\"fr-FR\",\"potentialAction\":[{\"@type\":\"ReadAction\",\"target\":[\"https:\/\/les-editions-de-lhetre.com\/index.php\/product\/adhesion-annuelle\/\"]}]},{\"@type\":\"BreadcrumbList\",\"@id\":\"https:\/\/les-editions-de-lhetre.com\/index.php\/product\/adhesion-annuelle\/#breadcrumb\",\"itemListElement\":[{\"@type\":\"ListItem\",\"position\":1,\"name\":\"Home\",\"item\":\"https:\/\/les-editions-de-lhetre.com\/\"},{\"@type\":\"ListItem\",\"position\":2,\"name\":\"Boutique\",\"item\":\"https:\/\/les-editions-de-lhetre.com\/index.php\/boutique-editions-de-lhetre\/\"},{\"@type\":\"ListItem\",\"position\":3,\"name\":\"Adh\u00e9sion Annuelle\"}]},{\"@type\":\"WebSite\",\"@id\":\"https:\/\/les-editions-de-lhetre.com\/#website\",\"url\":\"https:\/\/les-editions-de-lhetre.com\/\",\"name\":\"les \u00e9ditions de l&#039;h\u00eatre\",\"description\":\"Maison d&#039;\u00e9dition associative\",\"potentialAction\":[{\"@type\":\"SearchAction\",\"target\":{\"@type\":\"EntryPoint\",\"urlTemplate\":\"https:\/\/les-editions-de-lhetre.com\/?s={search_term_string}\"},\"query-input\":\"required name=search_term_string\"}],\"inLanguage\":\"fr-FR\"}]}<\/script>\n<!-- \/ Yoast SEO plugin. -->","yoast_head_json":{"title":"Adh\u00e9sion Annuelle - les \u00e9ditions de l&#039;h\u00eatre","description":"Adh\u00e9sion annuelle \u00e0 la maison d'\u00e9ditions associative Les \u00c9ditions de l'H\u00eatre, pour nous soutenir et profiter d'avantages adh\u00e9rents","robots":{"index":"index","follow":"follow","max-snippet":"max-snippet:-1","max-image-preview":"max-image-preview:large","max-video-preview":"max-video-preview:-1"},"canonical":"https:\/\/les-editions-de-lhetre.com\/index.php\/product\/adhesion-annuelle\/","og_locale":"fr_FR","og_type":"article","og_title":"Adh\u00e9sion Annuelle - les \u00e9ditions de l&#039;h\u00eatre","og_description":"Adh\u00e9sion annuelle \u00e0 la maison d'\u00e9ditions associative Les \u00c9ditions de l'H\u00eatre, pour nous soutenir et profiter d'avantages adh\u00e9rents","og_url":"https:\/\/les-editions-de-lhetre.com\/index.php\/product\/adhesion-annuelle\/","og_site_name":"les \u00e9ditions de l&#039;h\u00eatre","article_modified_time":"2025-05-25T02:41:09+00:00","og_image":[{"width":600,"height":600,"url":"https:\/\/les-editions-de-lhetre.com\/wp-content\/uploads\/2021\/06\/adhesion_image.png","type":"image\/png"}],"twitter_card":"summary_large_image","twitter_misc":{"Dur\u00e9e de lecture estim\u00e9e":"1 minute"},"schema":{"@context":"https:\/\/schema.org","@graph":[{"@type":"WebPage","@id":"https:\/\/les-editions-de-lhetre.com\/index.php\/product\/adhesion-annuelle\/","url":"https:\/\/les-editions-de-lhetre.com\/index.php\/product\/adhesion-annuelle\/","name":"Adh\u00e9sion Annuelle - les \u00e9ditions de l&#039;h\u00eatre","isPartOf":{"@id":"https:\/\/les-editions-de-lhetre.com\/#website"},"datePublished":"2021-06-19T15:22:24+00:00","dateModified":"2025-05-25T02:41:09+00:00","description":"Adh\u00e9sion annuelle \u00e0 la maison d'\u00e9ditions associative Les \u00c9ditions de l'H\u00eatre, pour nous soutenir et profiter d'avantages adh\u00e9rents","breadcrumb":{"@id":"https:\/\/les-editions-de-lhetre.com\/index.php\/product\/adhesion-annuelle\/#breadcrumb"},"inLanguage":"fr-FR","potentialAction":[{"@type":"ReadAction","target":["https:\/\/les-editions-de-lhetre.com\/index.php\/product\/adhesion-annuelle\/"]}]},{"@type":"BreadcrumbList","@id":"https:\/\/les-editions-de-lhetre.com\/index.php\/product\/adhesion-annuelle\/#breadcrumb","itemListElement":[{"@type":"ListItem","position":1,"name":"Home","item":"https:\/\/les-editions-de-lhetre.com\/"},{"@type":"ListItem","position":2,"name":"Boutique","item":"https:\/\/les-editions-de-lhetre.com\/index.php\/boutique-editions-de-lhetre\/"},{"@type":"ListItem","position":3,"name":"Adh\u00e9sion Annuelle"}]},{"@type":"WebSite","@id":"https:\/\/les-editions-de-lhetre.com\/#website","url":"https:\/\/les-editions-de-lhetre.com\/","name":"les \u00e9ditions de l&#039;h\u00eatre","description":"Maison d&#039;\u00e9dition associative","potentialAction":[{"@type":"SearchAction","target":{"@type":"EntryPoint","urlTemplate":"https:\/\/les-editions-de-lhetre.com\/?s={search_term_string}"},"query-input":"required name=search_term_string"}],"inLanguage":"fr-FR"}]}},"_links":{"self":[{"href":"https:\/\/les-editions-de-lhetre.com\/index.php\/wp-json\/wp\/v3\/product\/15496"}],"collection":[{"href":"https:\/\/les-editions-de-lhetre.com\/index.php\/wp-json\/wp\/v3\/product"}],"about":[{"href":"https:\/\/les-editions-de-lhetre.com\/index.php\/wp-json\/wp\/v2\/types\/product"}],"replies":[{"embeddable":true,"href":"https:\/\/les-editions-de-lhetre.com\/index.php\/wp-json\/wp\/v2\/comments?post=15496"}],"wp:featuredmedia":[{"embeddable":true,"href":"https:\/\/les-editions-de-lhetre.com\/index.php\/wp-json\/wp\/v2\/media\/15498"}],"wp:attachment":[{"href":"https:\/\/les-editions-de-lhetre.com\/index.php\/wp-json\/wp\/v2\/media?parent=15496"}],"wp:term":[{"taxonomy":"product_cat","embeddable":true,"href":"https:\/\/les-editions-de-lhetre.com\/index.php\/wp-json\/wp\/v2\/product_cat?post=15496"},{"taxonomy":"product_tag","embeddable":true,"href":"https:\/\/les-editions-de-lhetre.com\/index.php\/wp-json\/wp\/v2\/product_tag?post=15496"}],"curies":[{"name":"wp","href":"https:\/\/api.w.org\/{rel}","templated":true}]}}